{"id":5,"date":"2017-09-20T10:15:12","date_gmt":"2017-09-20T08:15:12","guid":{"rendered":"https:\/\/chorvs.de\/?page_id=5"},"modified":"2018-05-14T15:34:35","modified_gmt":"2018-05-14T13:34:35","slug":"inhalte","status":"publish","type":"page","link":"https:\/\/chorvs.de\/en\/","title":{"rendered":"CONTENT"},"content":{"rendered":"<p><\/p>\n<div class=\"front-page-column-para-left\">\n<p><strong><a href=\"http:\/\/chorvs.de\/ziele\/\">TARGETS<\/a><\/strong><\/p>\n<p>Our aim is to focuse our client&#8217;s company on competence, rentable market leadership, entrepreneurship, a global expansion and a value oriented corporate governance within the scope of the client&#8217;s business model all in accordance with the modernity of the technological change.<\/p>\n<\/div>\n<div class=\"front-page-column-image-right\">\n<figure id=\"attachment_58\" aria-describedby=\"caption-attachment-58\" style=\"width: 390px\" class=\"wp-caption alignright\"><img data-recalc-dims=\"1\" loading=\"lazy\" decoding=\"async\" data-attachment-id=\"58\" data-permalink=\"https:\/\/chorvs.de\/en\/inhalte\/leonardo\/\" data-orig-file=\"https:\/\/i0.wp.com\/chorvs.de\/wp-content\/uploads\/2017\/09\/leonardo.png?fit=471%2C389&amp;ssl=1\" data-orig-size=\"471,389\" data-comments-opened=\"1\" data-image-meta=\"{&quot;aperture&quot;:&quot;0&quot;,&quot;credit&quot;:&quot;&quot;,&quot;camera&quot;:&quot;&quot;,&quot;caption&quot;:&quot;&quot;,&quot;created_timestamp&quot;:&quot;0&quot;,&quot;copyright&quot;:&quot;&quot;,&quot;focal_length&quot;:&quot;0&quot;,&quot;iso&quot;:&quot;0&quot;,&quot;shutter_speed&quot;:&quot;0&quot;,&quot;title&quot;:&quot;&quot;,&quot;orientation&quot;:&quot;0&quot;}\" data-image-title=\"Leonardo\" data-image-description=\"\" data-image-caption=\"&lt;p&gt;Vitruvianischer Mensch von Leonardo da Vinci (1490)&lt;\/p&gt;\n\" data-large-file=\"https:\/\/i0.wp.com\/chorvs.de\/wp-content\/uploads\/2017\/09\/leonardo.png?fit=471%2C389&amp;ssl=1\" class=\"  wp-image-58 alignright\" src=\"https:\/\/i0.wp.com\/chorvs.de\/wp-content\/uploads\/2017\/09\/leonardo.png?resize=390%2C321&#038;ssl=1\" alt=\"Leonardo\" width=\"390\" height=\"321\" \/><figcaption id=\"caption-attachment-58\" class=\"wp-caption-text\">Vitruvian man by Leonardo da Vinci (1490)<\/figcaption><\/figure>\n<\/div>\n<hr style=\"clear: both; visibility: hidden;\" \/>\n<div class=\"front-page-column-para-right\"><span style=\"color: #000000;\"><strong><br \/>\n<a href=\"http:\/\/chorvs.de\/vision\/\">VISION<\/a><\/strong><\/span><\/p>\n<p>Together with our clients we create a corporate vision, which develops an ambitious and realistic view of the future. This vision should enable and align the company as a champion among its competitors, in innovation, in reputation and sustainability.<\/p><\/div>\n<div class=\"front-page-column-image-left\">\n<figure id=\"attachment_394\" aria-describedby=\"caption-attachment-394\" style=\"width: 390px\" class=\"wp-caption alignleft\"><img data-recalc-dims=\"1\" loading=\"lazy\" decoding=\"async\" data-attachment-id=\"394\" data-permalink=\"https:\/\/chorvs.de\/en\/inhalte\/erasmus-2\/\" data-orig-file=\"https:\/\/i0.wp.com\/chorvs.de\/wp-content\/uploads\/2018\/01\/Erasmus.png?fit=484%2C390&amp;ssl=1\" data-orig-size=\"484,390\" data-comments-opened=\"1\" data-image-meta=\"{&quot;aperture&quot;:&quot;0&quot;,&quot;credit&quot;:&quot;&quot;,&quot;camera&quot;:&quot;&quot;,&quot;caption&quot;:&quot;&quot;,&quot;created_timestamp&quot;:&quot;0&quot;,&quot;copyright&quot;:&quot;&quot;,&quot;focal_length&quot;:&quot;0&quot;,&quot;iso&quot;:&quot;0&quot;,&quot;shutter_speed&quot;:&quot;0&quot;,&quot;title&quot;:&quot;&quot;,&quot;orientation&quot;:&quot;0&quot;}\" data-image-title=\"Erasmus\" data-image-description=\"\" data-image-caption=\"&lt;p&gt;Bildnis des Ersamus von Hans Holbein dem J\u00fcngeren (1529)&lt;\/p&gt;\n\" data-large-file=\"https:\/\/i0.wp.com\/chorvs.de\/wp-content\/uploads\/2018\/01\/Erasmus.png?fit=484%2C390&amp;ssl=1\" class=\"alignnone size-full wp-image-394\" src=\"https:\/\/i0.wp.com\/chorvs.de\/wp-content\/uploads\/2018\/01\/Erasmus.png?resize=390%2C321&#038;ssl=1\" alt=\"Societaet CHORVS AG, Bild 2\" width=\"390\" height=\"321\" \/><figcaption id=\"caption-attachment-394\" class=\"wp-caption-text\">Portrait of Erasmus by Hans Holbein the Young (1529)<\/figcaption><\/figure>\n<\/div>\n<hr style=\"clear: both; visibility: hidden;\" \/>\n<div class=\"front-page-column-para-left\"><span style=\"color: #000000;\"><strong><a href=\"http:\/\/chorvs.de\/mission\/\">MISSION<\/a><\/strong><\/span><\/p>\n<p>For us the corporate mission is the attitude with which the owner, management and employees of the client&#8217;s company perceive their responsibility within the company and render their services.<\/p><\/div>\n<div class=\"front-page-column-image-right\">\n<figure id=\"attachment_398\" aria-describedby=\"caption-attachment-398\" style=\"width: 390px\" class=\"wp-caption alignright\"><img data-recalc-dims=\"1\" loading=\"lazy\" decoding=\"async\" data-attachment-id=\"398\" data-permalink=\"https:\/\/chorvs.de\/en\/inhalte\/allegorie-3\/\" data-orig-file=\"https:\/\/i0.wp.com\/chorvs.de\/wp-content\/uploads\/2018\/01\/allegorie-2-3342075619-1517255138260.jpg?fit=1480%2C1120&amp;ssl=1\" data-orig-size=\"1480,1120\" data-comments-opened=\"1\" data-image-meta=\"{&quot;aperture&quot;:&quot;0&quot;,&quot;credit&quot;:&quot;&quot;,&quot;camera&quot;:&quot;&quot;,&quot;caption&quot;:&quot;&quot;,&quot;created_timestamp&quot;:&quot;0&quot;,&quot;copyright&quot;:&quot;&quot;,&quot;focal_length&quot;:&quot;0&quot;,&quot;iso&quot;:&quot;0&quot;,&quot;shutter_speed&quot;:&quot;0&quot;,&quot;title&quot;:&quot;&quot;,&quot;orientation&quot;:&quot;0&quot;}\" data-image-title=\"allegorie\" data-image-description=\"\" data-image-caption=\"&lt;p&gt;Die Allegorie der guten Regierung (1339), Ambrogio Lorenzetti&lt;\/p&gt;\n\" data-large-file=\"https:\/\/i0.wp.com\/chorvs.de\/wp-content\/uploads\/2018\/01\/allegorie-2-3342075619-1517255138260.jpg?fit=640%2C484&amp;ssl=1\" class=\"alignright size-full wp-image-398\" src=\"https:\/\/i0.wp.com\/chorvs.de\/wp-content\/uploads\/2018\/01\/allegorie-2-3342075619-1517255138260.jpg?resize=390%2C321&#038;ssl=1\" alt=\"allegorie\" width=\"390\" height=\"321\" \/><figcaption id=\"caption-attachment-398\" class=\"wp-caption-text\">The allegory of good governance by Ambrogio Lorenzetti (1339)<\/figcaption><\/figure>\n<\/div>\n<p><\/p>","protected":false},"excerpt":{"rendered":"<p>Dies ist der Auszug f\u00fcr die Startseite.<\/p>\n","protected":false},"author":1,"featured_media":0,"parent":0,"menu_order":1,"comment_status":"closed","ping_status":"closed","template":"","meta":{"jetpack_post_was_ever_published":false,"footnotes":""},"class_list":["post-5","page","type-page","status-publish","hentry"],"yoast_head":"<!-- This site is optimized with the Yoast SEO plugin v27.3 - https:\/\/yoast.com\/product\/yoast-seo-wordpress\/ -->\n<title>Societaet CHORVS AG, Gesellschaft f\u00fcr disruptive Wettbewerbsgestaltung<\/title>\n<meta name=\"description\" content=\"Die Societaet CHORVS AG, Gesellschaft f\u00fcr disruptive Wettbewerbsgestaltung ist eine Politik- und Wirtschaftsberatung mit Sitz in D\u00fcsseldorf Kaiserswerth.\" \/>\n<meta name=\"robots\" content=\"index, follow, max-snippet:-1, max-image-preview:large, max-video-preview:-1\" \/>\n<link rel=\"canonical\" href=\"https:\/\/chorvs.de\/\" \/>\n<meta property=\"og:locale\" content=\"en_US\" \/>\n<meta property=\"og:type\" content=\"article\" \/>\n<meta property=\"og:title\" content=\"Societaet CHORVS AG, Gesellschaft f\u00fcr disruptive Wettbewerbsgestaltung\" \/>\n<meta property=\"og:description\" content=\"Die Societaet CHORVS AG, Gesellschaft f\u00fcr disruptive Wettbewerbsgestaltung ist eine Politik- und Wirtschaftsberatung mit Sitz in D\u00fcsseldorf Kaiserswerth.\" \/>\n<meta property=\"og:url\" content=\"https:\/\/chorvs.de\/\" \/>\n<meta property=\"og:site_name\" content=\"Societaet CHORVS AG\" \/>\n<meta property=\"article:modified_time\" content=\"2018-05-14T13:34:35+00:00\" \/>\n<meta property=\"og:image\" content=\"https:\/\/chorvs.de\/wp-content\/uploads\/2017\/09\/leonardo.png\" \/>\n<meta name=\"twitter:card\" content=\"summary_large_image\" \/>\n<meta name=\"twitter:label1\" content=\"Est. reading time\" \/>\n\t<meta name=\"twitter:data1\" content=\"2 minutes\" \/>\n<script type=\"application\/ld+json\" class=\"yoast-schema-graph\">{\"@context\":\"https:\\\/\\\/schema.org\",\"@graph\":[{\"@type\":\"WebPage\",\"@id\":\"https:\\\/\\\/chorvs.de\\\/\",\"url\":\"https:\\\/\\\/chorvs.de\\\/\",\"name\":\"Societaet CHORVS AG, Gesellschaft f\u00fcr disruptive Wettbewerbsgestaltung\",\"isPartOf\":{\"@id\":\"https:\\\/\\\/chorvs.de\\\/#website\"},\"primaryImageOfPage\":{\"@id\":\"https:\\\/\\\/chorvs.de\\\/#primaryimage\"},\"image\":{\"@id\":\"https:\\\/\\\/chorvs.de\\\/#primaryimage\"},\"thumbnailUrl\":\"https:\\\/\\\/chorvs.de\\\/wp-content\\\/uploads\\\/2017\\\/09\\\/leonardo.png\",\"datePublished\":\"2017-09-20T08:15:12+00:00\",\"dateModified\":\"2018-05-14T13:34:35+00:00\",\"description\":\"Die Societaet CHORVS AG, Gesellschaft f\u00fcr disruptive Wettbewerbsgestaltung ist eine Politik- und Wirtschaftsberatung mit Sitz in D\u00fcsseldorf Kaiserswerth.\",\"breadcrumb\":{\"@id\":\"https:\\\/\\\/chorvs.de\\\/#breadcrumb\"},\"inLanguage\":\"en-EN\",\"potentialAction\":[{\"@type\":\"ReadAction\",\"target\":[\"https:\\\/\\\/chorvs.de\\\/\"]}]},{\"@type\":\"ImageObject\",\"inLanguage\":\"en-EN\",\"@id\":\"https:\\\/\\\/chorvs.de\\\/#primaryimage\",\"url\":\"https:\\\/\\\/chorvs.de\\\/wp-content\\\/uploads\\\/2017\\\/09\\\/leonardo.png\",\"contentUrl\":\"https:\\\/\\\/chorvs.de\\\/wp-content\\\/uploads\\\/2017\\\/09\\\/leonardo.png\"},{\"@type\":\"BreadcrumbList\",\"@id\":\"https:\\\/\\\/chorvs.de\\\/#breadcrumb\",\"itemListElement\":[{\"@type\":\"ListItem\",\"position\":1,\"name\":\"Startseite\",\"item\":\"https:\\\/\\\/chorvs.de\\\/\"},{\"@type\":\"ListItem\",\"position\":2,\"name\":\"INHALTE\"}]},{\"@type\":\"WebSite\",\"@id\":\"https:\\\/\\\/chorvs.de\\\/#website\",\"url\":\"https:\\\/\\\/chorvs.de\\\/\",\"name\":\"Societaet CHORVS AG\",\"description\":\"Gesellschaft f\u00fcr disruptive Wettbewerbsgestaltung\",\"publisher\":{\"@id\":\"https:\\\/\\\/chorvs.de\\\/#organization\"},\"potentialAction\":[{\"@type\":\"SearchAction\",\"target\":{\"@type\":\"EntryPoint\",\"urlTemplate\":\"https:\\\/\\\/chorvs.de\\\/?s={search_term_string}\"},\"query-input\":{\"@type\":\"PropertyValueSpecification\",\"valueRequired\":true,\"valueName\":\"search_term_string\"}}],\"inLanguage\":\"en-EN\"},{\"@type\":\"Organization\",\"@id\":\"https:\\\/\\\/chorvs.de\\\/#organization\",\"name\":\"Societaet CHORVS AG\",\"url\":\"https:\\\/\\\/chorvs.de\\\/\",\"logo\":{\"@type\":\"ImageObject\",\"inLanguage\":\"en-EN\",\"@id\":\"https:\\\/\\\/chorvs.de\\\/#\\\/schema\\\/logo\\\/image\\\/\",\"url\":\"https:\\\/\\\/i0.wp.com\\\/chorvs.de\\\/wp-content\\\/uploads\\\/2018\\\/01\\\/logo_versuch_grau-2.jpg?fit=580%2C133&ssl=1\",\"contentUrl\":\"https:\\\/\\\/i0.wp.com\\\/chorvs.de\\\/wp-content\\\/uploads\\\/2018\\\/01\\\/logo_versuch_grau-2.jpg?fit=580%2C133&ssl=1\",\"width\":580,\"height\":133,\"caption\":\"Societaet CHORVS AG\"},\"image\":{\"@id\":\"https:\\\/\\\/chorvs.de\\\/#\\\/schema\\\/logo\\\/image\\\/\"}}]}<\/script>\n<!-- \/ Yoast SEO plugin. -->","yoast_head_json":{"title":"Societaet CHORVS AG, Gesellschaft f\u00fcr disruptive Wettbewerbsgestaltung","description":"Die Societaet CHORVS AG, Gesellschaft f\u00fcr disruptive Wettbewerbsgestaltung ist eine Politik- und Wirtschaftsberatung mit Sitz in D\u00fcsseldorf Kaiserswerth.","robots":{"index":"index","follow":"follow","max-snippet":"max-snippet:-1","max-image-preview":"max-image-preview:large","max-video-preview":"max-video-preview:-1"},"canonical":"https:\/\/chorvs.de\/","og_locale":"en_US","og_type":"article","og_title":"Societaet CHORVS AG, Gesellschaft f\u00fcr disruptive Wettbewerbsgestaltung","og_description":"Die Societaet CHORVS AG, Gesellschaft f\u00fcr disruptive Wettbewerbsgestaltung ist eine Politik- und Wirtschaftsberatung mit Sitz in D\u00fcsseldorf Kaiserswerth.","og_url":"https:\/\/chorvs.de\/","og_site_name":"Societaet CHORVS AG","article_modified_time":"2018-05-14T13:34:35+00:00","og_image":[{"url":"https:\/\/chorvs.de\/wp-content\/uploads\/2017\/09\/leonardo.png","type":"","width":"","height":""}],"twitter_card":"summary_large_image","twitter_misc":{"Est. reading time":"2 minutes"},"schema":{"@context":"https:\/\/schema.org","@graph":[{"@type":"WebPage","@id":"https:\/\/chorvs.de\/","url":"https:\/\/chorvs.de\/","name":"Societaet CHORVS AG, Gesellschaft f\u00fcr disruptive Wettbewerbsgestaltung","isPartOf":{"@id":"https:\/\/chorvs.de\/#website"},"primaryImageOfPage":{"@id":"https:\/\/chorvs.de\/#primaryimage"},"image":{"@id":"https:\/\/chorvs.de\/#primaryimage"},"thumbnailUrl":"https:\/\/chorvs.de\/wp-content\/uploads\/2017\/09\/leonardo.png","datePublished":"2017-09-20T08:15:12+00:00","dateModified":"2018-05-14T13:34:35+00:00","description":"Die Societaet CHORVS AG, Gesellschaft f\u00fcr disruptive Wettbewerbsgestaltung ist eine Politik- und Wirtschaftsberatung mit Sitz in D\u00fcsseldorf Kaiserswerth.","breadcrumb":{"@id":"https:\/\/chorvs.de\/#breadcrumb"},"inLanguage":"en-EN","potentialAction":[{"@type":"ReadAction","target":["https:\/\/chorvs.de\/"]}]},{"@type":"ImageObject","inLanguage":"en-EN","@id":"https:\/\/chorvs.de\/#primaryimage","url":"https:\/\/chorvs.de\/wp-content\/uploads\/2017\/09\/leonardo.png","contentUrl":"https:\/\/chorvs.de\/wp-content\/uploads\/2017\/09\/leonardo.png"},{"@type":"BreadcrumbList","@id":"https:\/\/chorvs.de\/#breadcrumb","itemListElement":[{"@type":"ListItem","position":1,"name":"Startseite","item":"https:\/\/chorvs.de\/"},{"@type":"ListItem","position":2,"name":"INHALTE"}]},{"@type":"WebSite","@id":"https:\/\/chorvs.de\/#website","url":"https:\/\/chorvs.de\/","name":"Societaet CHORVS AG","description":"Gesellschaft f\u00fcr disruptive Wettbewerbsgestaltung","publisher":{"@id":"https:\/\/chorvs.de\/#organization"},"potentialAction":[{"@type":"SearchAction","target":{"@type":"EntryPoint","urlTemplate":"https:\/\/chorvs.de\/?s={search_term_string}"},"query-input":{"@type":"PropertyValueSpecification","valueRequired":true,"valueName":"search_term_string"}}],"inLanguage":"en-EN"},{"@type":"Organization","@id":"https:\/\/chorvs.de\/#organization","name":"Societaet CHORVS AG","url":"https:\/\/chorvs.de\/","logo":{"@type":"ImageObject","inLanguage":"en-EN","@id":"https:\/\/chorvs.de\/#\/schema\/logo\/image\/","url":"https:\/\/i0.wp.com\/chorvs.de\/wp-content\/uploads\/2018\/01\/logo_versuch_grau-2.jpg?fit=580%2C133&ssl=1","contentUrl":"https:\/\/i0.wp.com\/chorvs.de\/wp-content\/uploads\/2018\/01\/logo_versuch_grau-2.jpg?fit=580%2C133&ssl=1","width":580,"height":133,"caption":"Societaet CHORVS AG"},"image":{"@id":"https:\/\/chorvs.de\/#\/schema\/logo\/image\/"}}]}},"jetpack_shortlink":"https:\/\/wp.me\/P9crrQ-5","jetpack_sharing_enabled":false,"_links":{"self":[{"href":"https:\/\/chorvs.de\/en\/wp-json\/wp\/v2\/pages\/5","targetHints":{"allow":["GET"]}}],"collection":[{"href":"https:\/\/chorvs.de\/en\/wp-json\/wp\/v2\/pages"}],"about":[{"href":"https:\/\/chorvs.de\/en\/wp-json\/wp\/v2\/types\/page"}],"author":[{"embeddable":true,"href":"https:\/\/chorvs.de\/en\/wp-json\/wp\/v2\/users\/1"}],"replies":[{"embeddable":true,"href":"https:\/\/chorvs.de\/en\/wp-json\/wp\/v2\/comments?post=5"}],"version-history":[{"count":43,"href":"https:\/\/chorvs.de\/en\/wp-json\/wp\/v2\/pages\/5\/revisions"}],"predecessor-version":[{"id":732,"href":"https:\/\/chorvs.de\/en\/wp-json\/wp\/v2\/pages\/5\/revisions\/732"}],"wp:attachment":[{"href":"https:\/\/chorvs.de\/en\/wp-json\/wp\/v2\/media?parent=5"}],"curies":[{"name":"wp","href":"https:\/\/api.w.org\/{rel}","templated":true}]}}